{"id":28,"date":"2025-10-19T12:47:44","date_gmt":"2025-10-19T12:47:44","guid":{"rendered":"https:\/\/julietteetchristian.fr\/?page_id=28"},"modified":"2025-12-28T09:06:20","modified_gmt":"2025-12-28T09:06:20","slug":"rsvp","status":"publish","type":"page","link":"https:\/\/julietteetchristian.fr\/?page_id=28","title":{"rendered":"Formulaire"},"content":{"rendered":"\n<p>Pour nous aider \u00e0 organiser cette journ\u00e9e du mieux possible, merci de prendre un instant pour remplir le formulaire \u00e0 cette adresse: <a href=\"https:\/\/forms.gle\/8bpK3yhvhRGDPH936\">https:\/\/forms.gle\/8bpK3yhvhRGDPH936<\/a>. Votre r\u00e9ponse nous est pr\u00e9cieuse !<\/p>\n\n\n\n<p><\/p>\n","protected":false},"excerpt":{"rendered":"<p>Pour nous aider \u00e0 organiser cette journ\u00e9e du mieux possible, merci de prendre un instant pour remplir le formulaire \u00e0 cette adresse: https:\/\/forms.gle\/8bpK3yhvhRGDPH936. Votre r\u00e9ponse nous est pr\u00e9cieuse !<\/p>\n","protected":false},"author":1,"featured_media":0,"parent":0,"menu_order":0,"comment_status":"closed","ping_status":"closed","template":"","meta":{"zakra_sidebar_layout":"customizer","zakra_remove_content_margin":false,"zakra_sidebar":"customizer","zakra_transparent_header":"customizer","zakra_logo":0,"zakra_main_header_style":"default","zakra_menu_item_color":"","zakra_menu_item_hover_color":"","zakra_menu_item_active_color":"","zakra_menu_active_style":"","zakra_page_header":true,"footnotes":""},"class_list":["post-28","page","type-page","status-publish","hentry"],"_links":{"self":[{"href":"https:\/\/julietteetchristian.fr\/index.php?rest_route=\/wp\/v2\/pages\/28","targetHints":{"allow":["GET"]}}],"collection":[{"href":"https:\/\/julietteetchristian.fr\/index.php?rest_route=\/wp\/v2\/pages"}],"about":[{"href":"https:\/\/julietteetchristian.fr\/index.php?rest_route=\/wp\/v2\/types\/page"}],"author":[{"embeddable":true,"href":"https:\/\/julietteetchristian.fr\/index.php?rest_route=\/wp\/v2\/users\/1"}],"replies":[{"embeddable":true,"href":"https:\/\/julietteetchristian.fr\/index.php?rest_route=%2Fwp%2Fv2%2Fcomments&post=28"}],"version-history":[{"count":4,"href":"https:\/\/julietteetchristian.fr\/index.php?rest_route=\/wp\/v2\/pages\/28\/revisions"}],"predecessor-version":[{"id":68,"href":"https:\/\/julietteetchristian.fr\/index.php?rest_route=\/wp\/v2\/pages\/28\/revisions\/68"}],"wp:attachment":[{"href":"https:\/\/julietteetchristian.fr\/index.php?rest_route=%2Fwp%2Fv2%2Fmedia&parent=28"}],"curies":[{"name":"wp","href":"https:\/\/api.w.org\/{rel}","templated":true}]}}