{"id":29,"date":"2025-10-19T12:47:44","date_gmt":"2025-10-19T12:47:44","guid":{"rendered":"https:\/\/julietteetchristian.fr\/?page_id=29"},"modified":"2026-01-10T09:12:20","modified_gmt":"2026-01-10T09:12:20","slug":"infos","status":"publish","type":"page","link":"https:\/\/julietteetchristian.fr\/?page_id=29","title":{"rendered":"Infos"},"content":{"rendered":"\n<h3 class=\"wp-block-heading\">Le d\u00e9roul\u00e9 de la journ\u00e9e du 27 juin 2026<\/h3>\n\n\n\n<p><strong>14h30 \u2014 Mairie de Saint-Sauveur-de-Montagut<\/strong><br>C\u2019est ici que tout commence ! Nous nous dirons \u201coui\u201d devant nos familles et amis.<\/p>\n\n\n\n<p><strong>16h30 \u2014 Ch\u00e2teau de Lyas<\/strong><br>Direction le ch\u00e2teau pour la c\u00e9r\u00e9monie du th\u00e9, suivi d&#8217;un cocktail en plein air, d&#8217;un d\u00eener festif et d\u2019une soir\u00e9e jusqu\u2019au bout de la nuit \ud83d\udc83\ud83d\udd7a<\/p>\n\n\n\n<p>Nous avons h\u00e2te de vivre cette journ\u00e9e magique entour\u00e9s de vous tous \u2764\ufe0f<\/p>\n\n\n\n<p>Plus d&#8217;infos sont \u00e0 venir<\/p>\n\n\n\n<p><\/p>\n","protected":false},"excerpt":{"rendered":"<p>Le d\u00e9roul\u00e9 de la journ\u00e9e du 27 juin 2026 14h30 \u2014 Mairie de Saint-Sauveur-de-MontagutC\u2019est ici que tout commence ! Nous nous dirons \u201coui\u201d devant nos familles et amis. 16h30 \u2014 Ch\u00e2teau de LyasDirection le ch\u00e2teau pour la c\u00e9r\u00e9monie du th\u00e9, suivi d&#8217;un cocktail en plein air, d&#8217;un d\u00eener festif et d\u2019une soir\u00e9e jusqu\u2019au bout de [&hellip;]<\/p>\n","protected":false},"author":1,"featured_media":0,"parent":0,"menu_order":0,"comment_status":"closed","ping_status":"closed","template":"","meta":{"zakra_sidebar_layout":"customizer","zakra_remove_content_margin":false,"zakra_sidebar":"customizer","zakra_transparent_header":"customizer","zakra_logo":0,"zakra_main_header_style":"default","zakra_menu_item_color":"","zakra_menu_item_hover_color":"","zakra_menu_item_active_color":"","zakra_menu_active_style":"","zakra_page_header":true,"footnotes":""},"class_list":["post-29","page","type-page","status-publish","hentry"],"_links":{"self":[{"href":"https:\/\/julietteetchristian.fr\/index.php?rest_route=\/wp\/v2\/pages\/29","targetHints":{"allow":["GET"]}}],"collection":[{"href":"https:\/\/julietteetchristian.fr\/index.php?rest_route=\/wp\/v2\/pages"}],"about":[{"href":"https:\/\/julietteetchristian.fr\/index.php?rest_route=\/wp\/v2\/types\/page"}],"author":[{"embeddable":true,"href":"https:\/\/julietteetchristian.fr\/index.php?rest_route=\/wp\/v2\/users\/1"}],"replies":[{"embeddable":true,"href":"https:\/\/julietteetchristian.fr\/index.php?rest_route=%2Fwp%2Fv2%2Fcomments&post=29"}],"version-history":[{"count":5,"href":"https:\/\/julietteetchristian.fr\/index.php?rest_route=\/wp\/v2\/pages\/29\/revisions"}],"predecessor-version":[{"id":70,"href":"https:\/\/julietteetchristian.fr\/index.php?rest_route=\/wp\/v2\/pages\/29\/revisions\/70"}],"wp:attachment":[{"href":"https:\/\/julietteetchristian.fr\/index.php?rest_route=%2Fwp%2Fv2%2Fmedia&parent=29"}],"curies":[{"name":"wp","href":"https:\/\/api.w.org\/{rel}","templated":true}]}}