{"id":39,"date":"2025-10-19T12:50:42","date_gmt":"2025-10-19T12:50:42","guid":{"rendered":"https:\/\/julietteetchristian.fr\/?page_id=39"},"modified":"2025-10-19T12:56:08","modified_gmt":"2025-10-19T12:56:08","slug":"accueil","status":"publish","type":"page","link":"https:\/\/julietteetchristian.fr\/","title":{"rendered":"Accueil"},"content":{"rendered":"\n<p>C\u2019est avec une immense joie que nous vous accueillons ici pour partager avec vous un moment unique de notre vie.<\/p>\n\n\n\n<p>Le grand jour approche, et nous avons h\u00e2te de c\u00e9l\u00e9brer notre amour entour\u00e9s de ceux qui comptent le plus pour nous.<\/p>\n\n\n\n<p>Vous trouverez sur ce site toutes les informations utiles : le lieu, le programme, les h\u00e9bergements, et bien s\u00fbr un espace pour confirmer votre pr\u00e9sence.<\/p>\n\n\n\n<p>Merci d\u2019\u00eatre \u00e0 nos c\u00f4t\u00e9s dans cette belle aventure \ud83d\udc95<\/p>\n","protected":false},"excerpt":{"rendered":"<p>C\u2019est avec une immense joie que nous vous accueillons ici pour partager avec vous un moment unique de notre vie. Le grand jour approche, et nous avons h\u00e2te de c\u00e9l\u00e9brer notre amour entour\u00e9s de ceux qui comptent le plus pour nous. Vous trouverez sur ce site toutes les informations utiles : le lieu, le programme, [&hellip;]<\/p>\n","protected":false},"author":1,"featured_media":0,"parent":0,"menu_order":0,"comment_status":"closed","ping_status":"closed","template":"","meta":{"zakra_sidebar_layout":"customizer","zakra_remove_content_margin":false,"zakra_sidebar":"customizer","zakra_transparent_header":"customizer","zakra_logo":0,"zakra_main_header_style":"default","zakra_menu_item_color":"","zakra_menu_item_hover_color":"","zakra_menu_item_active_color":"","zakra_menu_active_style":"","zakra_page_header":true,"footnotes":""},"class_list":["post-39","page","type-page","status-publish","hentry"],"_links":{"self":[{"href":"https:\/\/julietteetchristian.fr\/index.php?rest_route=\/wp\/v2\/pages\/39","targetHints":{"allow":["GET"]}}],"collection":[{"href":"https:\/\/julietteetchristian.fr\/index.php?rest_route=\/wp\/v2\/pages"}],"about":[{"href":"https:\/\/julietteetchristian.fr\/index.php?rest_route=\/wp\/v2\/types\/page"}],"author":[{"embeddable":true,"href":"https:\/\/julietteetchristian.fr\/index.php?rest_route=\/wp\/v2\/users\/1"}],"replies":[{"embeddable":true,"href":"https:\/\/julietteetchristian.fr\/index.php?rest_route=%2Fwp%2Fv2%2Fcomments&post=39"}],"version-history":[{"count":3,"href":"https:\/\/julietteetchristian.fr\/index.php?rest_route=\/wp\/v2\/pages\/39\/revisions"}],"predecessor-version":[{"id":46,"href":"https:\/\/julietteetchristian.fr\/index.php?rest_route=\/wp\/v2\/pages\/39\/revisions\/46"}],"wp:attachment":[{"href":"https:\/\/julietteetchristian.fr\/index.php?rest_route=%2Fwp%2Fv2%2Fmedia&parent=39"}],"curies":[{"name":"wp","href":"https:\/\/api.w.org\/{rel}","templated":true}]}}