{"id":56,"date":"2025-11-15T08:29:47","date_gmt":"2025-11-15T08:29:47","guid":{"rendered":"https:\/\/julietteetchristian.fr\/?page_id=56"},"modified":"2025-12-21T18:57:01","modified_gmt":"2025-12-21T18:57:01","slug":"hebergements","status":"publish","type":"page","link":"https:\/\/julietteetchristian.fr\/?page_id=56","title":{"rendered":"H\u00e9bergements"},"content":{"rendered":"\n<p>Voici une liste non-exhaustive de logements \u00e0 proximit\u00e9: nous conseillons des h\u00e9bergements proches du Ch\u00e2teau de Liviers (o\u00f9 se tiendront le cocktail, d\u00eener et la soir\u00e9e). <\/p>\n\n\n\n<p>Si malheureusement les logements ci dessous ne sont plus disponible, privil\u00e9giez un h\u00e9bergement \u00e0 : Lyas, Privas, Creyseilles ou Pranles.<\/p>\n\n\n\n<p>G\u00eetes de France:<\/p>\n\n\n\n<ul class=\"wp-block-list\">\n<li>Les Ch\u00e2taigniers (\u00e0 10 min du ch\u00e2teau en voiture): <a href=\"https:\/\/www.gites-de-france.com\/fr\/auvergne-rhone-alpes\/ardeche\/les-chataigniers-07g303700?from=2026-06-26&amp;to=2026-06-28&amp;adults=2&amp;children=0&amp;infants=0\" data-type=\"link\" data-id=\"https:\/\/www.gites-de-france.com\/fr\/auvergne-rhone-alpes\/ardeche\/les-chataigniers-07g303700?from=2026-06-26&amp;to=2026-06-28&amp;adults=2&amp;children=0&amp;infants=0\">lien<\/a><\/li>\n\n\n\n<li>Domaine les Acacias (\u00e0 11 min du ch\u00e2teau en voiture): <a href=\"https:\/\/www.gites-de-france.com\/fr\/auvergne-rhone-alpes\/ardeche\/domaine-les-acacias-au-coin-du-lavoir-07g74004\">lien<\/a><\/li>\n\n\n\n<li>La Calade (\u00e0 12 min du ch\u00e2teau en voiture): <a href=\"https:\/\/www.gites-de-france.com\/fr\/auvergne-rhone-alpes\/ardeche\/la-calade-07g74700?from=2026-06-26&amp;to=2026-06-28&amp;adults=2&amp;children=0&amp;infants=0\">lien<\/a><\/li>\n\n\n\n<li>L&#8217;Auz\u00e8ne (\u00e0 7 min du ch\u00e2teau en voiture): <a href=\"https:\/\/www.gites-de-france.com\/fr\/auvergne-rhone-alpes\/ardeche\/lauzene-07g184703?from=2026-06-26&amp;to=2026-06-28&amp;adults=2&amp;children=0&amp;infants=0\">lien<\/a><\/li>\n<\/ul>\n\n\n\n<p>Booking:<\/p>\n\n\n\n<ul class=\"wp-block-list\">\n<li>Le relais de saint-clair (\u00e0 15min du ch\u00e2teau en voiture): <a href=\"https:\/\/www.booking.com\/hotel\/fr\/le-relais-de-saint-clair.fr.html?label=duc511jc-10CAEoggI46AdIM1gDaE2IAQGYATO4ARfIAQ_YAQPoAQH4AQGIAgGoAgG4AuDlsckGwAIB0gIkNjZhYjYzNjEtZDMwYS00ZGY3LWI5NjAtNGI2OGE0NGJmNGM52AIB4AIB&amp;sid=c664f010a6507e7248097abc5e0e04fc&amp;aid=397656&amp;ucfs=1&amp;checkin=2026-06-27&amp;checkout=2026-06-28&amp;dest_id=-1448458&amp;dest_type=city&amp;group_adults=2&amp;no_rooms=1&amp;group_children=0&amp;srpvid=44c274f9f7e7036a&amp;srepoch=1764520780&amp;matching_block_id=1237972201_395679441_0_0_0_1154833&amp;atlas_src=sr_iw_title\">lien<\/a><\/li>\n\n\n\n<li>La maison Jaffran (\u00e0 11min du ch\u00e2teau en voiture ): <a href=\"https:\/\/www.booking.com\/hotel\/fr\/la-maison-jaffran-suite-en-ville.fr.html?label=duc511jc-10CAEoggI46AdIM1gDaE2IAQGYATO4ARfIAQ_YAQPoAQH4AQGIAgGoAgG4AuDlsckGwAIB0gIkNjZhYjYzNjEtZDMwYS00ZGY3LWI5NjAtNGI2OGE0NGJmNGM52AIB4AIB&amp;sid=c664f010a6507e7248097abc5e0e04fc&amp;aid=397656&amp;ucfs=1&amp;checkin=2026-06-27&amp;checkout=2026-06-28&amp;dest_id=-1448458&amp;dest_type=city&amp;group_adults=2&amp;no_rooms=1&amp;group_children=0&amp;nflt=oos%3D1&amp;srpvid=44c274f9f7e7036a&amp;srepoch=1764521381&amp;matching_block_id=371310803_343618385_2_0_0&amp;atlas_src=sr_iw_title#_\">lien<\/a><\/li>\n<\/ul>\n\n\n\n<p><\/p>\n","protected":false},"excerpt":{"rendered":"<p>Voici une liste non-exhaustive de logements \u00e0 proximit\u00e9: nous conseillons des h\u00e9bergements proches du Ch\u00e2teau de Liviers (o\u00f9 se tiendront le cocktail, d\u00eener et la soir\u00e9e). Si malheureusement les logements ci dessous ne sont plus disponible, privil\u00e9giez un h\u00e9bergement \u00e0 : Lyas, Privas, Creyseilles ou Pranles. G\u00eetes de France: Booking:<\/p>\n","protected":false},"author":1,"featured_media":0,"parent":0,"menu_order":0,"comment_status":"closed","ping_status":"closed","template":"","meta":{"zakra_sidebar_layout":"customizer","zakra_remove_content_margin":false,"zakra_sidebar":"customizer","zakra_transparent_header":"customizer","zakra_logo":0,"zakra_main_header_style":"default","zakra_menu_item_color":"","zakra_menu_item_hover_color":"","zakra_menu_item_active_color":"","zakra_menu_active_style":"","zakra_page_header":true,"footnotes":""},"class_list":["post-56","page","type-page","status-publish","hentry"],"_links":{"self":[{"href":"https:\/\/julietteetchristian.fr\/index.php?rest_route=\/wp\/v2\/pages\/56","targetHints":{"allow":["GET"]}}],"collection":[{"href":"https:\/\/julietteetchristian.fr\/index.php?rest_route=\/wp\/v2\/pages"}],"about":[{"href":"https:\/\/julietteetchristian.fr\/index.php?rest_route=\/wp\/v2\/types\/page"}],"author":[{"embeddable":true,"href":"https:\/\/julietteetchristian.fr\/index.php?rest_route=\/wp\/v2\/users\/1"}],"replies":[{"embeddable":true,"href":"https:\/\/julietteetchristian.fr\/index.php?rest_route=%2Fwp%2Fv2%2Fcomments&post=56"}],"version-history":[{"count":6,"href":"https:\/\/julietteetchristian.fr\/index.php?rest_route=\/wp\/v2\/pages\/56\/revisions"}],"predecessor-version":[{"id":66,"href":"https:\/\/julietteetchristian.fr\/index.php?rest_route=\/wp\/v2\/pages\/56\/revisions\/66"}],"wp:attachment":[{"href":"https:\/\/julietteetchristian.fr\/index.php?rest_route=%2Fwp%2Fv2%2Fmedia&parent=56"}],"curies":[{"name":"wp","href":"https:\/\/api.w.org\/{rel}","templated":true}]}}